{"id":472,"date":"2018-07-27T23:49:55","date_gmt":"2018-07-27T20:49:55","guid":{"rendered":"http:\/\/www.celebimutfak.com\/index.php\/mocha-landing-page\/"},"modified":"2022-12-06T13:43:34","modified_gmt":"2022-12-06T10:43:34","slug":"bursa-endustriyel-mutfak","status":"publish","type":"page","link":"https:\/\/www.celebimutfak.com\/index.php\/bursa-endustriyel-mutfak\/","title":{"rendered":"Proje &#8211; \u0130malat &#8211; Montaj"},"content":{"rendered":"<h2>End\u00fcstriyel Mutfak Nedir?<\/h2>\n<p><span style=\"color: #bbb;\">&#8220;Bursa&#8217;da ba\u015flad\u0131\u011f\u0131m\u0131z End\u00fcstriyel Mutfak ser\u00fcveni, 20. y\u0131l\u0131n sonunda \u00fclkemizin d\u00f6rt bir yan\u0131na hizmet olarak geri d\u00f6nd\u00fc.&#8221;<\/span><\/p>\n<p>End\u00fcstriyel Mutfak ismi, toplu yemek t\u00fcketilen otel, hastane, restaurant, cafe, yemekhane gibi bir \u00e7ok alan\u0131 kapsamaktad\u0131r. Bu tip toplu yemek hizmeti sunun yerlerde klasik ev mutfa\u011f\u0131ndan farkl\u0131 mutfaklar tasarlanmal\u0131d\u0131r. Yeme\u011fin stoklanmas\u0131ndan \u00fcretimine, servisinden bula\u015f\u0131\u011f\u0131na kadar bir \u00e7ok evre vard\u0131r. Evimizde bu i\u015f ak\u0131\u015f\u0131 i\u00e7in tek bir alan(mutfak) yeterli olurken, b\u00fcy\u00fck i\u015fletmelerde bu s\u00fcre\u00e7lerin her biri i\u00e7in profesyonelce haz\u0131rlanm\u0131\u015f farkl\u0131 farkl\u0131 alanlar olmak zorundad\u0131r. B\u00fct\u00fcn a\u015famalar birbirinden ayr\u0131 yap\u0131lmal\u0131d\u0131r. Bu \u015fekilde profesyonel \u00fcretim yapan i\u015fletmeler i\u00e7in mutfak ihtiya\u00e7lar\u0131 da evimizdeki gibi mobilya ve beyaz e\u015fya sekt\u00f6r\u00fc taraf\u0131ndan kar\u015f\u0131lanamaz hale gelir. Bu ihtiya\u00e7lar do\u011frultusunda, i\u015fletmelerin y\u00fck\u00fcn\u00fc hafifletecek bir sekt\u00f6r ortaya \u00e7\u0131km\u0131\u015ft\u0131r: End\u00fcstriyel Mutfak<\/p>\n<p><iframe src=\"https:\/\/www.youtube.com\/embed\/d5let16iwfA\" width=\"560\" height=\"315\" frameborder=\"0\" allowfullscreen=\"allowfullscreen\"><\/iframe><\/p>\n<p>\u00dclkemizde 70li y\u0131llar\u0131n sonunda ivmelenme kaydeden Paslanmaz Dayan\u0131kl\u0131 Mutfak E\u015fyalar\u0131 sekt\u00f6r\u00fc, yani di\u011fer bir ad\u0131yla End\u00fcstriyel Mutfak sekt\u00f6r\u00fc g\u00fcn\u00fcm\u00fczde geldi\u011fi nokta ise bir hayli \u00f6nem arz ediyor. \u00dclkemizde 80li y\u0131llarda ba\u015flayan sanayi hamleleri bu sekt\u00f6rde de kendine yer buldu.<\/p>\n<p>\u00dclkemizin orta ve y\u00fcksek katma de\u011ferli \u00fcr\u00fcnler ihracat\u0131 noktas\u0131ndaki gayretleri g\u00f6z \u00f6n\u00fcne al\u0131nd\u0131\u011f\u0131nda, end\u00fcstriyel mutfak sekt\u00f6r\u00fcnin \u00f6nemini bir kez daha anl\u0131yoruz. D\u00fcnya geneline bak\u0131ld\u0131\u011f\u0131nda, bu sekt\u00f6r\u00fcn ba\u015f\u0131n\u0131 \u00e7eken \u00fclkelerden birisi haline gelmi\u015f bir T\u00fcrkiye g\u00f6r\u00fcyoruz. K\u0131talararas\u0131 ihracat rekorlar\u0131 k\u0131r\u0131lan bu sekt\u00f6r gelecekte de \u00e7ok umut vadediyor.<\/p>\n<h2>End\u00fcstriyel Mutfak Sekt\u00f6r\u00fc Ne \u00dcretir?<\/h2>\n<p>Asl\u0131nda evimizde yemek yapmak i\u00e7in kulland\u0131\u011f\u0131m\u0131z b\u00fct\u00fcn ara\u00e7 gere\u00e7leri \u00fcretir diyerek k\u0131sa bir cevap verilebilir. Ancak bu ara\u00e7 gere\u00e7ler bir ailenin yemek ihtiyac\u0131n\u0131 de\u011fil, belki bir ordunun ihtiyac\u0131n\u0131 kar\u015f\u0131layacak t\u00fcrden olmal\u0131d\u0131r.<\/p>\n<p>Bunun i\u00e7in de \u00f6ncelikle dayan\u0131kl\u0131l\u0131k, uzun kullan\u0131m \u00f6mr\u00fc gibi fakt\u00f6rler \u00f6n plana \u00e7\u0131kar. Bizim sekt\u00f6r\u00fcm\u00fczde \u00fcretilen ekipmanlar paslanmaya kar\u015f\u0131 dayan\u0131kl\u0131 olan 304 kalite paslanmaz \u00e7elikten imal edilir. Paslanmaz\u0131n kalitesi bazen de\u011fi\u015fiklik g\u00f6sterebilir. \u00d6rne\u011fin bir laboratuvarda kullan\u0131lacak baz\u0131 kimyasallar 304 kalite paslanmaza zarar verebilir. Bu durumda ise paslanmaz \u00e7eli\u011fin farkl\u0131 kaliteleri kullan\u0131l\u0131r. Bu konu hakk\u0131nda detayl\u0131 bilgi i\u00e7in <a href=\"https:\/\/www.celebimutfak.com\/index.php\/2016\/11\/23\/paslanmaz-celik-nedir-cesitleri-nelerdir\/\" target=\"_blank\" rel=\"noopener\">bu yaz\u0131m\u0131za<\/a> bakabilirsiniz.<\/p>\n<p>Ba\u015fl\u0131ca \u00fcr\u00fcn gruplar\u0131 ise \u015f\u00f6yledir:<\/p>\n<ul>\n<li><a href=\"https:\/\/www.celebimutfak.com\/index.php\/urun-kategori\/pisirme\/\">Pi\u015firme Ekipmanlar\u0131<\/a><\/li>\n<li><a href=\"https:\/\/www.celebimutfak.com\/index.php\/urun-kategori\/davlumbazlar\/\">Davlumbaz ve Yer Izgaralar\u0131<\/a><\/li>\n<li><a href=\"https:\/\/www.celebimutfak.com\/index.php\/urun-kategori\/paslanmaz-tezgahlar\/\">Tezgahlar<\/a><\/li>\n<li><a href=\"https:\/\/www.celebimutfak.com\/index.php\/urun-kategori\/paslanmaz-tezgahlar\/eviyeli-tezgahlar\/\">Eviyeler<\/a><\/li>\n<li><a href=\"https:\/\/www.celebimutfak.com\/index.php\/urun-kategori\/paslanmaz-arabalar\/\">Arabalar<\/a><\/li>\n<li><a href=\"https:\/\/www.celebimutfak.com\/index.php\/urun-kategori\/depolama-istifleme\/\">Raflar(Depo)<\/a><\/li>\n<li><a href=\"https:\/\/www.celebimutfak.com\/index.php\/urun-kategori\/servis\/\">Servis Tezgahlar\u0131<\/a><\/li>\n<li><a href=\"https:\/\/www.celebimutfak.com\/index.php\/urun-kategori\/bulasik-makineleri\/\">Bula\u015f\u0131k Makinesi ve Ekipmanlar\u0131<\/a><\/li>\n<li><a href=\"https:\/\/www.celebimutfak.com\/index.php\/urun-kategori\/diger-2\/\">Di\u011fer \u00dcr\u00fcnler<\/a><\/li>\n<\/ul>\n<p><img decoding=\"async\" class=\"size-medium wp-image-546 alignleft\" src=\"https:\/\/www.celebimutfak.com\/wp-content\/uploads\/2019\/02\/paslanmaz_su_izgara_304-225x300.jpg\" alt=\"\" width=\"225\" height=\"300\" srcset=\"https:\/\/www.celebimutfak.com\/wp-content\/uploads\/2019\/02\/paslanmaz_su_izgara_304-225x300.jpg 225w, https:\/\/www.celebimutfak.com\/wp-content\/uploads\/2019\/02\/paslanmaz_su_izgara_304-600x800.jpg 600w, https:\/\/www.celebimutfak.com\/wp-content\/uploads\/2019\/02\/paslanmaz_su_izgara_304.jpg 768w\" sizes=\"(max-width: 225px) 100vw, 225px\" \/><\/p>\n<figure id=\"attachment_408\" aria-describedby=\"caption-attachment-408\" style=\"width: 300px\" class=\"wp-caption alignleft\"><img decoding=\"async\" class=\"size-medium wp-image-408\" src=\"https:\/\/www.celebimutfak.com\/wp-content\/uploads\/2018\/04\/endustriye-mutfak-firmalari-bursa-300x225.jpg\" alt=\"\" width=\"300\" height=\"225\" \/><figcaption id=\"caption-attachment-408\" class=\"wp-caption-text\">\u00dcretim<\/figcaption><\/figure>\n<figure id=\"attachment_326\" aria-describedby=\"caption-attachment-326\" style=\"width: 300px\" class=\"wp-caption alignleft\"><img decoding=\"async\" class=\"size-medium wp-image-326\" src=\"https:\/\/www.celebimutfak.com\/wp-content\/uploads\/2017\/08\/elektrikli-benmari-hastane-yemek-300x169.jpg\" alt=\"\" width=\"300\" height=\"169\" \/><figcaption id=\"caption-attachment-326\" class=\"wp-caption-text\">Hasta Yemek Arabas\u0131<\/figcaption><\/figure>\n<figure id=\"attachment_232\" aria-describedby=\"caption-attachment-232\" style=\"width: 300px\" class=\"wp-caption alignleft\"><img decoding=\"async\" class=\"size-medium wp-image-232\" src=\"https:\/\/www.celebimutfak.com\/wp-content\/uploads\/2016\/07\/yer-ocagi-kosan-ocak-ce-belgeli-300x300.png\" alt=\"\" width=\"300\" height=\"300\" \/><figcaption id=\"caption-attachment-232\" class=\"wp-caption-text\">Yer Oca\u011f\u0131<\/figcaption><\/figure>\n","protected":false},"excerpt":{"rendered":"<p>End\u00fcstriyel Mutfak Nedir? &#8220;Bursa&#8217;da ba\u015flad\u0131\u011f\u0131m\u0131z End\u00fcstriyel Mutfak ser\u00fcveni, 20. y\u0131l\u0131n sonunda \u00fclkemizin d\u00f6rt bir yan\u0131na hizmet olarak geri d\u00f6nd\u00fc.&#8221; End\u00fcstriyel Mutfak ismi, toplu yemek t\u00fcketilen otel, hastane, restaurant, cafe, yemekhane gibi bir \u00e7ok alan\u0131 kapsamaktad\u0131r. Bu tip toplu yemek hizmeti sunun yerlerde klasik ev mutfa\u011f\u0131ndan farkl\u0131 mutfaklar tasarlanmal\u0131d\u0131r. Yeme\u011fin stoklanmas\u0131ndan \u00fcretimine, servisinden bula\u015f\u0131\u011f\u0131na kadar bir [&hellip;]<\/p>\n","protected":false},"author":1,"featured_media":0,"parent":0,"menu_order":0,"comment_status":"closed","ping_status":"closed","template":"","meta":{"site-sidebar-layout":"default","site-content-layout":"default","ast-site-content-layout":"","site-content-style":"default","site-sidebar-style":"default","ast-global-header-display":"","ast-banner-title-visibility":"","ast-main-header-display":"","ast-hfb-above-header-display":"","ast-hfb-below-header-display":"","ast-hfb-mobile-header-display":"","site-post-title":"","ast-breadcrumbs-content":"","ast-featured-img":"","footer-sml-layout":"","theme-transparent-header-meta":"default","adv-header-id-meta":"","stick-header-meta":"","header-above-stick-meta":"","header-main-stick-meta":"","header-below-stick-meta":"","astra-migrate-meta-layouts":"default","ast-page-background-enabled":"default","ast-page-background-meta":{"desktop":{"background-color":"var(--ast-global-color-4)","background-image":"","background-repeat":"repeat","background-position":"center center","background-size":"auto","background-attachment":"scroll","background-type":"","background-media":"","overlay-type":"","overlay-color":"","overlay-opacity":"","overlay-gradient":""},"tablet":{"background-color":"","background-image":"","background-repeat":"repeat","background-position":"center center","background-size":"auto","background-attachment":"scroll","background-type":"","background-media":"","overlay-type":"","overlay-color":"","overlay-opacity":"","overlay-gradient":""},"mobile":{"background-color":"","background-image":"","background-repeat":"repeat","background-position":"center center","background-size":"auto","background-attachment":"scroll","background-type":"","background-media":"","overlay-type":"","overlay-color":"","overlay-opacity":"","overlay-gradient":""}},"ast-content-background-meta":{"desktop":{"background-color":"var(--ast-global-color-5)","background-image":"","background-repeat":"repeat","background-position":"center center","background-size":"auto","background-attachment":"scroll","background-type":"","background-media":"","overlay-type":"","overlay-color":"","overlay-opacity":"","overlay-gradient":""},"tablet":{"background-color":"var(--ast-global-color-5)","background-image":"","background-repeat":"repeat","background-position":"center center","background-size":"auto","background-attachment":"scroll","background-type":"","background-media":"","overlay-type":"","overlay-color":"","overlay-opacity":"","overlay-gradient":""},"mobile":{"background-color":"var(--ast-global-color-5)","background-image":"","background-repeat":"repeat","background-position":"center center","background-size":"auto","background-attachment":"scroll","background-type":"","background-media":"","overlay-type":"","overlay-color":"","overlay-opacity":"","overlay-gradient":""}},"footnotes":""},"rankMath":{"parentDomain":"celebimutfak.com","noFollowDomains":[],"noFollowExcludeDomains":[],"noFollowExternalLinks":false,"featuredImageNotice":"\u00d6ne \u00e7\u0131kan g\u00f6rsel, Facebook ve di\u011fer sosyal medya siteleri taraf\u0131ndan al\u0131nabilmesi i\u00e7in en az 200 x 200 piksel olmal\u0131d\u0131r.","pluginReviewed":false,"postSettings":{"linkSuggestions":true,"useFocusKeyword":false},"frontEndScore":false,"postName":"bursa-endustriyel-mutfak","permalinkFormat":"https:\/\/www.celebimutfak.com\/index.php\/%pagename%\/","showLockModifiedDate":true,"assessor":{"focusKeywordLink":"https:\/\/www.celebimutfak.com\/wp-admin\/edit.php?focus_keyword=%focus_keyword%&post_type=%post_type%","hasTOCPlugin":{"table-of-contents-plus\/toc.php":"Table of Contents Plus"},"primaryTaxonomy":false,"serpData":{"title":"Proje - \u0130malat - Montaj | %sitename%","description":"\u00c7elebi End\u00fcstriyel Mutfak, Bursa fabrikam\u0131zda \u00fcretti\u011fimiz paslanmaz \u00e7elik mutfak ekipmanlar\u0131n\u0131 ve makinelerini; yemekhane, hastane, restaurant, otel gibi yemek","focusKeywords":"","pillarContent":false,"canonicalUrl":"","breadcrumbTitle":"","advancedRobots":{"max-snippet":"-1","max-video-preview":"-1","max-image-preview":"large"},"facebookTitle":"","facebookDescription":"","facebookImage":"","facebookImageID":"","facebookHasOverlay":false,"facebookImageOverlay":"","facebookAuthor":"","twitterCardType":"","twitterUseFacebook":false,"twitterTitle":"","twitterDescription":"","twitterImage":"","twitterImageID":"","twitterHasOverlay":false,"twitterImageOverlay":"","twitterPlayerUrl":"","twitterPlayerSize":"","twitterPlayerStream":"","twitterPlayerStreamCtype":"","twitterAppDescription":"","twitterAppIphoneName":"","twitterAppIphoneID":"","twitterAppIphoneUrl":"","twitterAppIpadName":"","twitterAppIpadID":"","twitterAppIpadUrl":"","twitterAppGoogleplayName":"","twitterAppGoogleplayID":"","twitterAppGoogleplayUrl":"","twitterAppCountry":"","robots":{"index":true},"twitterAuthor":"kullan\u0131c\u0131 ad\u0131","primaryTerm":0,"authorName":"\u00c7elebi Mutfak","titleTemplate":"%title% %sep% %sitename%","descriptionTemplate":"%excerpt%","showScoreFrontend":true,"lockModifiedDate":false},"powerWords":[],"diacritics":{"A":"[\\u0041\\u24B6\\uFF21\\u00C0\\u00C1\\u00C2\\u1EA6\\u1EA4\\u1EAA\\u1EA8\\u00C3\\u0100\\u0102\\u1EB0\\u1EAE\\u1EB4\\u1EB2\\u0226\\u01E0\\u00C4\\u01DE\\u1EA2\\u00C5\\u01FA\\u01CD\\u0200\\u0202\\u1EA0\\u1EAC\\u1EB6\\u1E00\\u0104\\u023A\\u2C6F]","AA":"[\\uA732]","AE":"[\\u00C6\\u01FC\\u01E2]","AO":"[\\uA734]","AU":"[\\uA736]","AV":"[\\uA738\\uA73A]","AY":"[\\uA73C]","B":"[\\u0042\\u24B7\\uFF22\\u1E02\\u1E04\\u1E06\\u0243\\u0182\\u0181]","C":"[\\u0043\\u24B8\\uFF23\\u0106\\u0108\\u010A\\u010C\\u00C7\\u1E08\\u0187\\u023B\\uA73E]","D":"[\\u0044\\u24B9\\uFF24\\u1E0A\\u010E\\u1E0C\\u1E10\\u1E12\\u1E0E\\u0110\\u018B\\u018A\\u0189\\uA779]","DZ":"[\\u01F1\\u01C4]","Dz":"[\\u01F2\\u01C5]","E":"[\\u0045\\u24BA\\uFF25\\u00C8\\u00C9\\u00CA\\u1EC0\\u1EBE\\u1EC4\\u1EC2\\u1EBC\\u0112\\u1E14\\u1E16\\u0114\\u0116\\u00CB\\u1EBA\\u011A\\u0204\\u0206\\u1EB8\\u1EC6\\u0228\\u1E1C\\u0118\\u1E18\\u1E1A\\u0190\\u018E]","F":"[\\u0046\\u24BB\\uFF26\\u1E1E\\u0191\\uA77B]","G":"[\\u0047\\u24BC\\uFF27\\u01F4\\u011C\\u1E20\\u011E\\u0120\\u01E6\\u0122\\u01E4\\u0193\\uA7A0\\uA77D\\uA77E]","H":"[\\u0048\\u24BD\\uFF28\\u0124\\u1E22\\u1E26\\u021E\\u1E24\\u1E28\\u1E2A\\u0126\\u2C67\\u2C75\\uA78D]","I":"[\\u0049\\u24BE\\uFF29\\u00CC\\u00CD\\u00CE\\u0128\\u012A\\u012C\\u0130\\u00CF\\u1E2E\\u1EC8\\u01CF\\u0208\\u020A\\u1ECA\\u012E\\u1E2C\\u0197]","J":"[\\u004A\\u24BF\\uFF2A\\u0134\\u0248]","K":"[\\u004B\\u24C0\\uFF2B\\u1E30\\u01E8\\u1E32\\u0136\\u1E34\\u0198\\u2C69\\uA740\\uA742\\uA744\\uA7A2]","L":"[\\u004C\\u24C1\\uFF2C\\u013F\\u0139\\u013D\\u1E36\\u1E38\\u013B\\u1E3C\\u1E3A\\u0141\\u023D\\u2C62\\u2C60\\uA748\\uA746\\uA780]","LJ":"[\\u01C7]","Lj":"[\\u01C8]","M":"[\\u004D\\u24C2\\uFF2D\\u1E3E\\u1E40\\u1E42\\u2C6E\\u019C]","N":"[\\u004E\\u24C3\\uFF2E\\u01F8\\u0143\\u00D1\\u1E44\\u0147\\u1E46\\u0145\\u1E4A\\u1E48\\u0220\\u019D\\uA790\\uA7A4]","NJ":"[\\u01CA]","Nj":"[\\u01CB]","O":"[\\u004F\\u24C4\\uFF2F\\u00D2\\u00D3\\u00D4\\u1ED2\\u1ED0\\u1ED6\\u1ED4\\u00D5\\u1E4C\\u022C\\u1E4E\\u014C\\u1E50\\u1E52\\u014E\\u022E\\u0230\\u00D6\\u022A\\u1ECE\\u0150\\u01D1\\u020C\\u020E\\u01A0\\u1EDC\\u1EDA\\u1EE0\\u1EDE\\u1EE2\\u1ECC\\u1ED8\\u01EA\\u01EC\\u00D8\\u01FE\\u0186\\u019F\\uA74A\\uA74C]","OI":"[\\u01A2]","OO":"[\\uA74E]","OU":"[\\u0222]","P":"[\\u0050\\u24C5\\uFF30\\u1E54\\u1E56\\u01A4\\u2C63\\uA750\\uA752\\uA754]","Q":"[\\u0051\\u24C6\\uFF31\\uA756\\uA758\\u024A]","R":"[\\u0052\\u24C7\\uFF32\\u0154\\u1E58\\u0158\\u0210\\u0212\\u1E5A\\u1E5C\\u0156\\u1E5E\\u024C\\u2C64\\uA75A\\uA7A6\\uA782]","S":"[\\u0053\\u24C8\\uFF33\\u1E9E\\u015A\\u1E64\\u015C\\u1E60\\u0160\\u1E66\\u1E62\\u1E68\\u0218\\u015E\\u2C7E\\uA7A8\\uA784]","T":"[\\u0054\\u24C9\\uFF34\\u1E6A\\u0164\\u1E6C\\u021A\\u0162\\u1E70\\u1E6E\\u0166\\u01AC\\u01AE\\u023E\\uA786]","TZ":"[\\uA728]","U":"[\\u0055\\u24CA\\uFF35\\u00D9\\u00DA\\u00DB\\u0168\\u1E78\\u016A\\u1E7A\\u016C\\u00DC\\u01DB\\u01D7\\u01D5\\u01D9\\u1EE6\\u016E\\u0170\\u01D3\\u0214\\u0216\\u01AF\\u1EEA\\u1EE8\\u1EEE\\u1EEC\\u1EF0\\u1EE4\\u1E72\\u0172\\u1E76\\u1E74\\u0244]","V":"[\\u0056\\u24CB\\uFF36\\u1E7C\\u1E7E\\u01B2\\uA75E\\u0245]","VY":"[\\uA760]","W":"[\\u0057\\u24CC\\uFF37\\u1E80\\u1E82\\u0174\\u1E86\\u1E84\\u1E88\\u2C72]","X":"[\\u0058\\u24CD\\uFF38\\u1E8A\\u1E8C]","Y":"[\\u0059\\u24CE\\uFF39\\u1EF2\\u00DD\\u0176\\u1EF8\\u0232\\u1E8E\\u0178\\u1EF6\\u1EF4\\u01B3\\u024E\\u1EFE]","Z":"[\\u005A\\u24CF\\uFF3A\\u0179\\u1E90\\u017B\\u017D\\u1E92\\u1E94\\u01B5\\u0224\\u2C7F\\u2C6B\\uA762]","a":"[\\u0061\\u24D0\\uFF41\\u1E9A\\u00E0\\u00E1\\u00E2\\u1EA7\\u1EA5\\u1EAB\\u1EA9\\u00E3\\u0101\\u0103\\u1EB1\\u1EAF\\u1EB5\\u1EB3\\u0227\\u01E1\\u00E4\\u01DF\\u1EA3\\u00E5\\u01FB\\u01CE\\u0201\\u0203\\u1EA1\\u1EAD\\u1EB7\\u1E01\\u0105\\u2C65\\u0250]","aa":"[\\uA733]","ae":"[\\u00E6\\u01FD\\u01E3]","ao":"[\\uA735]","au":"[\\uA737]","av":"[\\uA739\\uA73B]","ay":"[\\uA73D]","b":"[\\u0062\\u24D1\\uFF42\\u1E03\\u1E05\\u1E07\\u0180\\u0183\\u0253]","c":"[\\u0063\\u24D2\\uFF43\\u0107\\u0109\\u010B\\u010D\\u00E7\\u1E09\\u0188\\u023C\\uA73F\\u2184]","d":"[\\u0064\\u24D3\\uFF44\\u1E0B\\u010F\\u1E0D\\u1E11\\u1E13\\u1E0F\\u0111\\u018C\\u0256\\u0257\\uA77A]","dz":"[\\u01F3\\u01C6]","e":"[\\u0065\\u24D4\\uFF45\\u00E8\\u00E9\\u00EA\\u1EC1\\u1EBF\\u1EC5\\u1EC3\\u1EBD\\u0113\\u1E15\\u1E17\\u0115\\u0117\\u00EB\\u1EBB\\u011B\\u0205\\u0207\\u1EB9\\u1EC7\\u0229\\u1E1D\\u0119\\u1E19\\u1E1B\\u0247\\u025B\\u01DD]","f":"[\\u0066\\u24D5\\uFF46\\u1E1F\\u0192\\uA77C]","g":"[\\u0067\\u24D6\\uFF47\\u01F5\\u011D\\u1E21\\u011F\\u0121\\u01E7\\u0123\\u01E5\\u0260\\uA7A1\\u1D79\\uA77F]","h":"[\\u0068\\u24D7\\uFF48\\u0125\\u1E23\\u1E27\\u021F\\u1E25\\u1E29\\u1E2B\\u1E96\\u0127\\u2C68\\u2C76\\u0265]","hv":"[\\u0195]","i":"[\\u0069\\u24D8\\uFF49\\u00EC\\u00ED\\u00EE\\u0129\\u012B\\u012D\\u00EF\\u1E2F\\u1EC9\\u01D0\\u0209\\u020B\\u1ECB\\u012F\\u1E2D\\u0268\\u0131]","j":"[\\u006A\\u24D9\\uFF4A\\u0135\\u01F0\\u0249]","k":"[\\u006B\\u24DA\\uFF4B\\u1E31\\u01E9\\u1E33\\u0137\\u1E35\\u0199\\u2C6A\\uA741\\uA743\\uA745\\uA7A3]","l":"[\\u006C\\u24DB\\uFF4C\\u0140\\u013A\\u013E\\u1E37\\u1E39\\u013C\\u1E3D\\u1E3B\\u017F\\u0142\\u019A\\u026B\\u2C61\\uA749\\uA781\\uA747]","lj":"[\\u01C9]","m":"[\\u006D\\u24DC\\uFF4D\\u1E3F\\u1E41\\u1E43\\u0271\\u026F]","n":"[\\u006E\\u24DD\\uFF4E\\u01F9\\u0144\\u00F1\\u1E45\\u0148\\u1E47\\u0146\\u1E4B\\u1E49\\u019E\\u0272\\u0149\\uA791\\uA7A5]","nj":"[\\u01CC]","o":"[\\u006F\\u24DE\\uFF4F\\u00F2\\u00F3\\u00F4\\u1ED3\\u1ED1\\u1ED7\\u1ED5\\u00F5\\u1E4D\\u022D\\u1E4F\\u014D\\u1E51\\u1E53\\u014F\\u022F\\u0231\\u00F6\\u022B\\u1ECF\\u0151\\u01D2\\u020D\\u020F\\u01A1\\u1EDD\\u1EDB\\u1EE1\\u1EDF\\u1EE3\\u1ECD\\u1ED9\\u01EB\\u01ED\\u00F8\\u01FF\\u0254\\uA74B\\uA74D\\u0275]","oi":"[\\u01A3]","ou":"[\\u0223]","oo":"[\\uA74F]","p":"[\\u0070\\u24DF\\uFF50\\u1E55\\u1E57\\u01A5\\u1D7D\\uA751\\uA753\\uA755]","q":"[\\u0071\\u24E0\\uFF51\\u024B\\uA757\\uA759]","r":"[\\u0072\\u24E1\\uFF52\\u0155\\u1E59\\u0159\\u0211\\u0213\\u1E5B\\u1E5D\\u0157\\u1E5F\\u024D\\u027D\\uA75B\\uA7A7\\uA783]","s":"[\\u0073\\u24E2\\uFF53\\u015B\\u1E65\\u015D\\u1E61\\u0161\\u1E67\\u1E63\\u1E69\\u0219\\u015F\\u023F\\uA7A9\\uA785\\u1E9B]","ss":"[\\u00DF]","t":"[\\u0074\\u24E3\\uFF54\\u1E6B\\u1E97\\u0165\\u1E6D\\u021B\\u0163\\u1E71\\u1E6F\\u0167\\u01AD\\u0288\\u2C66\\uA787]","tz":"[\\uA729]","u":"[\\u0075\\u24E4\\uFF55\\u00F9\\u00FA\\u00FB\\u0169\\u1E79\\u016B\\u1E7B\\u016D\\u00FC\\u01DC\\u01D8\\u01D6\\u01DA\\u1EE7\\u016F\\u0171\\u01D4\\u0215\\u0217\\u01B0\\u1EEB\\u1EE9\\u1EEF\\u1EED\\u1EF1\\u1EE5\\u1E73\\u0173\\u1E77\\u1E75\\u0289]","v":"[\\u0076\\u24E5\\uFF56\\u1E7D\\u1E7F\\u028B\\uA75F\\u028C]","vy":"[\\uA761]","w":"[\\u0077\\u24E6\\uFF57\\u1E81\\u1E83\\u0175\\u1E87\\u1E85\\u1E98\\u1E89\\u2C73]","x":"[\\u0078\\u24E7\\uFF58\\u1E8B\\u1E8D]","y":"[\\u0079\\u24E8\\uFF59\\u1EF3\\u00FD\\u0177\\u1EF9\\u0233\\u1E8F\\u00FF\\u1EF7\\u1E99\\u1EF5\\u01B4\\u024F\\u1EFF]","z":"[\\u007A\\u24E9\\uFF5A\\u017A\\u1E91\\u017C\\u017E\\u1E93\\u1E95\\u01B6\\u0225\\u0240\\u2C6C\\uA763]"},"researchesTests":["contentHasTOC","contentHasShortParagraphs","contentHasAssets","keywordInTitle","keywordInMetaDescription","keywordInPermalink","keywordIn10Percent","keywordInContent","keywordInSubheadings","keywordInImageAlt","keywordDensity","keywordNotUsed","lengthContent","lengthPermalink","linksHasInternal","linksHasExternals","linksNotAllExternals","titleStartWithKeyword","titleSentiment","titleHasPowerWords","titleHasNumber","hasContentAI"],"hasRedirection":true,"hasBreadcrumb":true},"homeUrl":"https:\/\/www.celebimutfak.com","objectID":472,"objectType":"post","locale":"tr","localeFull":"tr_TR","overlayImages":{"play":{"name":"Oynatma simgesi","url":"https:\/\/www.celebimutfak.com\/wp-content\/plugins\/seo-by-rank-math\/assets\/admin\/img\/icon-play.png","path":"\/home\/celebimutfak\/public_html\/wp-content\/plugins\/seo-by-rank-math\/assets\/admin\/img\/icon-play.png","position":"middle_center"},"gif":{"name":"GIF simgesi","url":"https:\/\/www.celebimutfak.com\/wp-content\/plugins\/seo-by-rank-math\/assets\/admin\/img\/icon-gif.png","path":"\/home\/celebimutfak\/public_html\/wp-content\/plugins\/seo-by-rank-math\/assets\/admin\/img\/icon-gif.png","position":"middle_center"}},"defautOgImage":"https:\/\/www.celebimutfak.com\/wp-content\/uploads\/2021\/02\/yemek_servis_hat_paslanmaz_benmari.jpg","customPermalinks":true,"isUserRegistered":true,"autoSuggestKeywords":true,"connectSiteUrl":"https:\/\/rankmath.com\/auth?site=https%3A%2F%2Fwww.celebimutfak.com&r=https%3A%2F%2Fwww.celebimutfak.com%2Findex.php%2Fwp-json%2Fwp%2Fv2%2Fpages%2F472%3Fnonce%3D452efe84c8","maxTags":5,"trendsIcon":"<svg viewBox=\"0 0 610 610\"><path d=\"M18.85,446,174.32,290.48l58.08,58.08L76.93,504a14.54,14.54,0,0,1-20.55,0L18.83,466.48a14.54,14.54,0,0,1,0-20.55Z\" style=\"fill:#4285f4\"\/><path d=\"M242.65,242.66,377.59,377.6l-47.75,47.75a14.54,14.54,0,0,1-20.55,0L174.37,290.43l47.75-47.75A14.52,14.52,0,0,1,242.65,242.66Z\" style=\"fill:#ea4335\"\/><polygon points=\"319.53 319.53 479.26 159.8 537.34 217.88 377.61 377.62 319.53 319.53\" style=\"fill:#fabb05\"\/><path d=\"M594.26,262.73V118.61h0a16.94,16.94,0,0,0-16.94-16.94H433.2a16.94,16.94,0,0,0-12,28.92L565.34,274.71h0a16.94,16.94,0,0,0,28.92-12Z\" style=\"fill:#34a853\"\/><rect width=\"610\" height=\"610\" style=\"fill:none\"\/><\/svg>","showScore":true,"siteFavIcon":"https:\/\/www.celebimutfak.com\/wp-content\/uploads\/2016\/06\/ozcelebiler-ikon-copy.png","canUser":{"general":false,"advanced":false,"snippet":false,"social":false,"analysis":false,"analytics":false,"content_ai":false},"isPro":false,"is_front_page":false,"trendsUpgradeLink":"https:\/\/rankmath.com\/pricing\/?utm_source=Plugin&utm_medium=CE%20General%20Tab%20Trends&utm_campaign=WP","trendsUpgradeLabel":"Y\u00fckseltin","trendsPreviewImage":"https:\/\/www.celebimutfak.com\/wp-content\/plugins\/seo-by-rank-math\/assets\/admin\/img\/trends-preview.jpg","currentEditor":false,"homepageData":{"assessor":{"powerWords":[],"diacritics":true,"researchesTests":["contentHasTOC","contentHasShortParagraphs","contentHasAssets","keywordInTitle","keywordInMetaDescription","keywordInPermalink","keywordIn10Percent","keywordInContent","keywordInSubheadings","keywordInImageAlt","keywordDensity","keywordNotUsed","lengthContent","lengthPermalink","linksHasInternal","linksHasExternals","linksNotAllExternals","titleStartWithKeyword","titleSentiment","titleHasPowerWords","titleHasNumber","hasContentAI"],"hasBreadcrumb":true,"serpData":{"title":"\u00c7elebi End\u00fcstriyel Mutfak Bursa","description":"\u00c7elebi End\u00fcstriyel Mutfak Bursa'da kurulmu\u015ftur. Yemekhane, otel ve hastane, restoranlara paslanmaz mutfak ekipmanlar\u0131 \u00fcretmekteyiz. imalat, servis, montaj","titleTemplate":"%sitename% %page% %sep% %sitedesc%","descriptionTemplate":"","focusKeywords":"","breadcrumbTitle":"Ev","robots":{"index":true},"advancedRobots":{"max-snippet":"-1","max-video-preview":"-1","max-image-preview":"large"},"facebookTitle":"","facebookDescription":"","facebookImage":"","facebookImageID":""}}},"tocTitle":"Table of Contents","tocExcludeHeadings":[],"listStyle":"ul"},"_links":{"self":[{"href":"https:\/\/www.celebimutfak.com\/index.php\/wp-json\/wp\/v2\/pages\/472"}],"collection":[{"href":"https:\/\/www.celebimutfak.com\/index.php\/wp-json\/wp\/v2\/pages"}],"about":[{"href":"https:\/\/www.celebimutfak.com\/index.php\/wp-json\/wp\/v2\/types\/page"}],"author":[{"embeddable":true,"href":"https:\/\/www.celebimutfak.com\/index.php\/wp-json\/wp\/v2\/users\/1"}],"replies":[{"embeddable":true,"href":"https:\/\/www.celebimutfak.com\/index.php\/wp-json\/wp\/v2\/comments?post=472"}],"version-history":[{"count":1,"href":"https:\/\/www.celebimutfak.com\/index.php\/wp-json\/wp\/v2\/pages\/472\/revisions"}],"predecessor-version":[{"id":1927,"href":"https:\/\/www.celebimutfak.com\/index.php\/wp-json\/wp\/v2\/pages\/472\/revisions\/1927"}],"wp:attachment":[{"href":"https:\/\/www.celebimutfak.com\/index.php\/wp-json\/wp\/v2\/media?parent=472"}],"curies":[{"name":"wp","href":"https:\/\/api.w.org\/{rel}","templated":true}]}}